{"id":8805,"date":"2023-02-10T14:31:30","date_gmt":"2023-02-10T12:31:30","guid":{"rendered":"https:\/\/test.ihmo.fi\/?page_id=8805"},"modified":"2023-02-10T15:26:10","modified_gmt":"2023-02-10T13:26:10","slug":"oppilaaksi","status":"publish","type":"page","link":"https:\/\/test.ihmo.fi\/?page_id=8805","title":{"rendered":"Oppilaaksi"},"content":{"rendered":"\t\t<div data-elementor-type=\"wp-page\" data-elementor-id=\"8805\" class=\"elementor elementor-8805\">\n\t\t\t\t<div class=\"elementor-element elementor-element-34d275b e-flex e-con-boxed e-con e-parent\" data-id=\"34d275b\" data-element_type=\"container\">\n\t\t\t\t\t<div class=\"e-con-inner\">\n\t\t\t\t<div class=\"elementor-element elementor-element-8da2861 elementor-widget elementor-widget-heading\" data-id=\"8da2861\" data-element_type=\"widget\" data-widget_type=\"heading.default\">\n\t\t\t\t<div class=\"elementor-widget-container\">\n\t\t\t\t\t<h2 class=\"elementor-heading-title elementor-size-default\">Oppilaaksi<\/h2>\t\t\t\t<\/div>\n\t\t\t\t<\/div>\n\t\t\t\t\t<\/div>\n\t\t\t\t<\/div>\n\t\t<div class=\"elementor-element elementor-element-2909ce6 e-flex e-con-boxed e-con e-parent\" data-id=\"2909ce6\" data-element_type=\"container\">\n\t\t\t\t\t<div class=\"e-con-inner\">\n\t\t\t\t<div class=\"elementor-element elementor-element-3dec02e elementor-widget elementor-widget-image\" data-id=\"3dec02e\" data-element_type=\"widget\" data-widget_type=\"image.default\">\n\t\t\t\t<div class=\"elementor-widget-container\">\n\t\t\t\t\t\t\t\t\t\t\t\t\t\t\t<img decoding=\"async\" src=\"https:\/\/test.ihmo.fi\/wp-content\/uploads\/elementor\/thumbs\/Alttoviulu_opetus_lammin-q0sqlqf8z0dikmxt76l2r0rw86j0wio97bpmt06qkg.jpg\" title=\"Alttoviulu_opetus_l\u00e4mmin\" alt=\"Alttoviulu_opetus_l\u00e4mmin\" loading=\"lazy\" \/>\t\t\t\t\t\t\t\t\t\t\t\t\t\t\t<\/div>\n\t\t\t\t<\/div>\n\t\t\t\t<div class=\"elementor-element elementor-element-fa76e29 elementor-widget elementor-widget-text-editor\" data-id=\"fa76e29\" data-element_type=\"widget\" data-widget_type=\"text-editor.default\">\n\t\t\t\t<div class=\"elementor-widget-container\">\n\t\t\t\t\t\t\t\t\t<p><b><span data-contrast=\"auto\">Syksyll\u00e4 2023 aloittavan 1.luokan soittoryhmien kerhotuntien soitinvalikoima<\/span><\/b><span data-contrast=\"auto\">:<\/span><span data-ccp-props=\"{&quot;134233117&quot;:true,&quot;134233118&quot;:true,&quot;201341983&quot;:0,&quot;335551550&quot;:6,&quot;335551620&quot;:6,&quot;335559740&quot;:240}\">\u00a0<\/span><\/p><ul><li data-leveltext=\"\uf0b7\" data-font=\"Symbol\" data-listid=\"8\" data-list-defn-props=\"{&quot;335552541&quot;:1,&quot;335559684&quot;:-2,&quot;335559685&quot;:720,&quot;335559991&quot;:360,&quot;469769226&quot;:&quot;Symbol&quot;,&quot;469769242&quot;:[8226],&quot;469777803&quot;:&quot;left&quot;,&quot;469777804&quot;:&quot;\uf0b7&quot;,&quot;469777815&quot;:&quot;multilevel&quot;}\" aria-setsize=\"-1\" data-aria-posinset=\"1\" data-aria-level=\"1\"><b><span data-contrast=\"auto\">viulu, alttoviulu, oboe (v\u00e4yl\u00e4soitin nokkahuilu), kitara ja matalat vasket (v\u00e4yl\u00e4soitin tenoritorvi)<\/span><\/b><span data-ccp-props=\"{&quot;134233117&quot;:true,&quot;134233118&quot;:true,&quot;201341983&quot;:0,&quot;335559739&quot;:160,&quot;335559740&quot;:240}\">\u00a0<\/span><\/li><\/ul><p><span data-contrast=\"auto\">Soitinesittelykonserttia p\u00e4\u00e4set kuulemaan t\u00e4st\u00e4 <\/span><a href=\"https:\/\/www.youtube.com\/watch?v=BAlBimFV0FU\"><b><span data-contrast=\"none\">LINKIST\u00c4<\/span><\/b><\/a><span data-ccp-props=\"{&quot;134233117&quot;:true,&quot;134233118&quot;:true,&quot;201341983&quot;:0,&quot;335559740&quot;:240}\">\u00a0<\/span><\/p><p><span data-contrast=\"auto\">Porolahden peruskoulu j\u00e4rjest\u00e4\u00e4 painotetun opetuksen oppilasvalinnat. Porolahden peruskoulun<\/span><b><span data-contrast=\"auto\"> koulutulokkaiden tiedotustilaisuus j\u00e4rjestet\u00e4\u00e4n keskiviikkona 7.12.2022 klo 17:30<\/span><\/b><span data-contrast=\"auto\"> Porolahden peruskoulun Roihuvuorentien toimipisteen ruokalassa. Haku tapahtuu<\/span><a href=\"https:\/\/www.hel.fi\/helsinki\/fi\/kasvatus-ja-koulutus\/perusopetus\/mita-opiskellaan\/painotettu\"><b><span data-contrast=\"none\"> soveltuvuuskokeiden<\/span><\/b><\/a><span data-contrast=\"auto\"> kautta. Painotetun musiikin soveltuvuuskokeet j\u00e4rjestet\u00e4\u00e4n viikolla 5, mahdollinen uusintakoe viikolla 6. Lis\u00e4tietoa <\/span><a href=\"https:\/\/www.hel.fi\/helsinki\/fi\/kasvatus-ja-koulutus\/perusopetus\/tervetuloa\"><b><span data-contrast=\"none\">koulutulokasoppaasta.<\/span><\/b><\/a>\u00a0<br \/><span data-contrast=\"auto\">Porolahden peruskoulun info koulutulokkaille oli 7.12.2022. Linkki materiaaleihin l\u00f6ytyy t\u00e4\u00e4lt\u00e4: <\/span><a href=\"https:\/\/www.hel.fi\/static\/liitteet-2019\/KasKo\/koulut\/poropk\/211207%20koulutulokkaiden%20vanhempainilta.pdf\"><b><span data-contrast=\"none\">LINKKI<\/span><\/b><\/a>\u00a0<br \/><span data-contrast=\"auto\">Porolahden peruskoulun yhteystiedot, l\u00f6ytyv\u00e4t t\u00e4\u00e4lt\u00e4<\/span> <a href=\"https:\/\/www.hel.fi\/peruskoulut\/fi\/koulut\/porolahden-peruskoulu\/yhteystiedot\/\"><b><span data-contrast=\"none\">LINKKI<\/span><\/b><\/a><span data-contrast=\"none\">\u00a0<\/span><span data-ccp-props=\"{&quot;134233117&quot;:true,&quot;134233118&quot;:true,&quot;201341983&quot;:0,&quot;335559740&quot;:240}\">\u00a0<\/span><\/p><p><span data-contrast=\"auto\">Ilmoittautuminen It\u00e4-Helsingin musiikkiopiston oppilasvalintoihin kerhotunneille 9.1.-15.3.2023 eepoksessa (ILMOITTAUTUMINEN OPPILASVALINTAAN). Linkki ilmoittautumiseen <\/span><a href=\"https:\/\/ihmo.eepos.fi\/#\/forms\"><b><span data-contrast=\"none\">T\u00c4SS\u00c4<\/span><\/b><\/a><span data-contrast=\"auto\">.<\/span>\u00a0<br \/>\u00a0<br \/><span data-contrast=\"auto\">Musiikkiopiston tiedotustilaisuus esikoululaisten vanhemmille pidet\u00e4\u00e4n<\/span><b><span data-contrast=\"auto\"> torstaina 26.1.2023 klo 18:00<\/span><\/b><span data-contrast=\"auto\"> Ahti Sonninen salissa (os. Untuvaisentie 10). Linkki materiaaleihin l\u00f6ytyy t\u00e4\u00e4lt\u00e4: <\/span><a href=\"https:\/\/ihmo.fi\/wp-content\/uploads\/2023\/01\/Kerhotunnit-IHMO-INFO-26.1.2023.pdf\"><b><span data-contrast=\"none\">LINKKI<\/span><\/b><\/a><span data-ccp-props=\"{&quot;134233117&quot;:true,&quot;134233118&quot;:true,&quot;201341983&quot;:0,&quot;335559740&quot;:240}\">\u00a0<\/span><\/p><p><b><span data-contrast=\"auto\">Muuta:\u202f<\/span><\/b><span data-ccp-props=\"{&quot;134233117&quot;:true,&quot;134233118&quot;:true,&quot;201341983&quot;:0,&quot;335559740&quot;:240}\">\u00a0<\/span><\/p><p><span data-contrast=\"auto\">Kreijarinkujan toimipisteess\u00e4 toimii iltap\u00e4iv\u00e4kerho Liikkis 1\u20132-luokan oppilaille. <\/span>\u00a0<br \/><span data-contrast=\"auto\">Yhteystiedot Liikkis-iltap\u00e4iv\u00e4kerho 040 777 8380, <\/span><a href=\"mailto:ipliikkis@gmail.com\"><span data-contrast=\"none\">ipliikkis@gmail.com<\/span><\/a><span data-contrast=\"auto\">, <\/span><a href=\"http:\/\/www.ipliikkis.com\/\"><span data-contrast=\"none\">www.ipliikkis.com<\/span><\/a><span data-ccp-props=\"{&quot;134233117&quot;:true,&quot;134233118&quot;:true,&quot;201341983&quot;:0,&quot;335559740&quot;:240}\">\u00a0<\/span><\/p><p><span data-contrast=\"auto\">It\u00e4-Helsingin musiikkiopiston <\/span><a href=\"https:\/\/ihmo.fi\/etusivu\/yhteystiedot\/\"><b><span data-contrast=\"none\">apulaisrehtori Heidi Viksten <\/span><\/b><\/a><span data-contrast=\"auto\">vastaa musiikkiopiston osalta mahdollisiin kysymyksiin ja tiedusteluihin liittyen t\u00e4h\u00e4n ainutlaatuiseen yhteisty\u00f6h\u00f6n.<\/span><\/p>\t\t\t\t\t\t\t\t<\/div>\n\t\t\t\t<\/div>\n\t\t\t\t\t<\/div>\n\t\t\t\t<\/div>\n\t\t\t\t<\/div>\n\t\t","protected":false},"excerpt":{"rendered":"<p>Oppilaaksi Syksyll\u00e4 2023 aloittavan 1.luokan soittoryhmien kerhotuntien soitinvalikoima:\u00a0 viulu, alttoviulu, oboe (v\u00e4yl\u00e4soitin nokkahuilu), kitara ja matalat vasket (v\u00e4yl\u00e4soitin tenoritorvi)\u00a0 Soitinesittelykonserttia p\u00e4\u00e4set kuulemaan t\u00e4st\u00e4 LINKIST\u00c4\u00a0 Porolahden peruskoulu j\u00e4rjest\u00e4\u00e4 painotetun opetuksen oppilasvalinnat. Porolahden peruskoulun koulutulokkaiden tiedotustilaisuus j\u00e4rjestet\u00e4\u00e4n keskiviikkona 7.12.2022 klo 17:30 Porolahden peruskoulun Roihuvuorentien toimipisteen ruokalassa. Haku tapahtuu soveltuvuuskokeiden kautta. Painotetun musiikin soveltuvuuskokeet j\u00e4rjestet\u00e4\u00e4n viikolla 5, mahdollinen [&hellip;]<\/p>\n","protected":false},"author":156753792,"featured_media":0,"parent":692,"menu_order":0,"comment_status":"closed","ping_status":"closed","template":"","meta":{"footnotes":""},"_links":{"self":[{"href":"https:\/\/test.ihmo.fi\/index.php?rest_route=\/wp\/v2\/pages\/8805"}],"collection":[{"href":"https:\/\/test.ihmo.fi\/index.php?rest_route=\/wp\/v2\/pages"}],"about":[{"href":"https:\/\/test.ihmo.fi\/index.php?rest_route=\/wp\/v2\/types\/page"}],"author":[{"embeddable":true,"href":"https:\/\/test.ihmo.fi\/index.php?rest_route=\/wp\/v2\/users\/156753792"}],"replies":[{"embeddable":true,"href":"https:\/\/test.ihmo.fi\/index.php?rest_route=%2Fwp%2Fv2%2Fcomments&post=8805"}],"version-history":[{"count":29,"href":"https:\/\/test.ihmo.fi\/index.php?rest_route=\/wp\/v2\/pages\/8805\/revisions"}],"predecessor-version":[{"id":8872,"href":"https:\/\/test.ihmo.fi\/index.php?rest_route=\/wp\/v2\/pages\/8805\/revisions\/8872"}],"up":[{"embeddable":true,"href":"https:\/\/test.ihmo.fi\/index.php?rest_route=\/wp\/v2\/pages\/692"}],"wp:attachment":[{"href":"https:\/\/test.ihmo.fi\/index.php?rest_route=%2Fwp%2Fv2%2Fmedia&parent=8805"}],"curies":[{"name":"wp","href":"https:\/\/api.w.org\/{rel}","templated":true}]}}