{"id":1949,"date":"2021-09-03T10:34:46","date_gmt":"2021-09-03T07:34:46","guid":{"rendered":"https:\/\/test.ihmo.fi\/?page_id=1949"},"modified":"2023-02-10T11:12:23","modified_gmt":"2023-02-10T09:12:23","slug":"kannatusyhdistys","status":"publish","type":"page","link":"https:\/\/test.ihmo.fi\/?page_id=1949","title":{"rendered":"Kannatusyhdistys"},"content":{"rendered":"\t\t<div data-elementor-type=\"wp-page\" data-elementor-id=\"1949\" class=\"elementor elementor-1949\">\n\t\t\t\t\t\t<section class=\"elementor-section elementor-top-section elementor-element elementor-element-47364a7 elementor-section-boxed elementor-section-height-default elementor-section-height-default\" data-id=\"47364a7\" data-element_type=\"section\">\n\t\t\t\t\t\t<div class=\"elementor-container elementor-column-gap-default\">\n\t\t\t\t\t<div class=\"elementor-column elementor-col-100 elementor-top-column elementor-element elementor-element-f27f038\" data-id=\"f27f038\" data-element_type=\"column\">\n\t\t\t<div class=\"elementor-widget-wrap elementor-element-populated\">\n\t\t\t\t\t\t<div class=\"elementor-element elementor-element-6dee98e elementor-widget elementor-widget-heading\" data-id=\"6dee98e\" data-element_type=\"widget\" data-widget_type=\"heading.default\">\n\t\t\t\t<div class=\"elementor-widget-container\">\n\t\t\t\t\t<h2 class=\"elementor-heading-title elementor-size-default\">It\u00e4-Helsingin musiikkiopiston kannatusyhdistys ry<\/h2>\t\t\t\t<\/div>\n\t\t\t\t<\/div>\n\t\t\t\t\t<\/div>\n\t\t<\/div>\n\t\t\t\t\t<\/div>\n\t\t<\/section>\n\t\t\t\t<section class=\"elementor-section elementor-top-section elementor-element elementor-element-7e2e3b8 elementor-section-boxed elementor-section-height-default elementor-section-height-default\" data-id=\"7e2e3b8\" data-element_type=\"section\">\n\t\t\t\t\t\t<div class=\"elementor-container elementor-column-gap-default\">\n\t\t\t\t\t<div class=\"elementor-column elementor-col-100 elementor-top-column elementor-element elementor-element-68d6826\" data-id=\"68d6826\" data-element_type=\"column\">\n\t\t\t<div class=\"elementor-widget-wrap elementor-element-populated\">\n\t\t\t\t\t\t<div class=\"elementor-element elementor-element-3574600 elementor-widget elementor-widget-image\" data-id=\"3574600\" data-element_type=\"widget\" data-widget_type=\"image.default\">\n\t\t\t\t<div class=\"elementor-widget-container\">\n\t\t\t\t\t\t\t\t\t\t\t\t\t\t\t<img decoding=\"async\" src=\"https:\/\/test.ihmo.fi\/wp-content\/uploads\/elementor\/thumbs\/Stroms-Vintage-logolla-pkcgxef0hwrtq2vceebucsqkcpikyry0o5jqqwgmww.png\" title=\"Str\u00f6ms Vintage logolla\" alt=\"Str\u00f6ms Vintage logolla\" loading=\"lazy\" \/>\t\t\t\t\t\t\t\t\t\t\t\t\t\t\t<\/div>\n\t\t\t\t<\/div>\n\t\t\t\t<div class=\"elementor-element elementor-element-9fc7882 elementor-widget elementor-widget-text-editor\" data-id=\"9fc7882\" data-element_type=\"widget\" data-widget_type=\"text-editor.default\">\n\t\t\t\t<div class=\"elementor-widget-container\">\n\t\t\t\t\t\t\t\t\t<p><span data-contrast=\"auto\">Yhdistyksen tarkoituksena on edist\u00e4\u00e4 esitt\u00e4v\u00e4n ja luovan s\u00e4veltaiteen opetusta ja laajentaa musiikkikulttuurin tuntemusta erityisesti It\u00e4-Helsingin alueen lasten ja nuorten keskuudessa. Tarkoitustaan yhdistys toteuttaa yll\u00e4pit\u00e4m\u00e4ll\u00e4 voittoa tuottamatonta It\u00e4-Helsingin musiikkiopisto \u2013nimist\u00e4 oppilaitosta.<\/span><span data-ccp-props=\"{&quot;201341983&quot;:0,&quot;335559739&quot;:160,&quot;335559740&quot;:252}\">\u00a0<\/span><span data-contrast=\"auto\">\u00a0<\/span><span data-ccp-props=\"{&quot;201341983&quot;:0,&quot;335559739&quot;:160,&quot;335559740&quot;:252}\">\u00a0<\/span><\/p><p><span data-contrast=\"auto\">Yhdistyksen j\u00e4seneksi voidaan ottaa jokainen 15 vuotta t\u00e4ytt\u00e4nyt Suomen kansalainen tai sellainen ulkomaalainen, jolla on kotipaikka Suomessa, oikeuskelpoinen yhteis\u00f6 tai s\u00e4\u00e4ti\u00f6, jonka yhdistyksen hallitus hyv\u00e4ksyy.<\/span><span data-ccp-props=\"{&quot;201341983&quot;:0,&quot;335559739&quot;:160,&quot;335559740&quot;:252}\">\u00a0<\/span><\/p><p><span class=\"TextRun SCXW100093218 BCX0\" lang=\"FI-FI\" xml:lang=\"FI-FI\" data-contrast=\"auto\"><span class=\"NormalTextRun SCXW100093218 BCX0\">Avaa <a href=\"https:\/\/forms.office.com\/Pages\/ResponsePage.aspx?id=HOfGlgRpuEGPoJX1AQdq745kxddlYnFIoSVPPOsWnSlUNE1MQkoxVEE5V0pXRDhWRENRUE1UNllDRi4u\">t\u00e4st\u00e4<\/a> s\u00e4hk\u00f6inen j\u00e4senhakulomake.<\/span><\/span><\/p><p><span data-contrast=\"auto\">Yhdistyksen varsinaisia kokouksia ovat syyskokous, joka pidet\u00e4\u00e4n loka-marraskuussa ja kev\u00e4tkokous, joka pidet\u00e4\u00e4n maalis-huhtikuussa.<\/span><span data-ccp-props=\"{&quot;201341983&quot;:0,&quot;335559739&quot;:160,&quot;335559740&quot;:252}\">\u00a0<\/span><\/p><p><span data-contrast=\"auto\">Yhdistyksen asioita hoitaa hallitus, joka toimii my\u00f6s It\u00e4-Helsingin musiikkiopiston hallituksena. Hallitukseen kuuluu yhdeks\u00e4n (9) j\u00e4sent\u00e4 ja heid\u00e4n henkil\u00f6kohtaiset varaj\u00e4senens\u00e4. Varsinaisten j\u00e4senten ja varaj\u00e4senten toimikausi on kolme vuotta siten, ett\u00e4 kunakin vuonna on erovuorossa kolme varsinaista j\u00e4sent\u00e4 ja heid\u00e4n varaj\u00e4senens\u00e4.<\/span><span data-ccp-props=\"{&quot;201341983&quot;:0,&quot;335559739&quot;:160,&quot;335559740&quot;:252}\">\u00a0<\/span><\/p><p><span data-contrast=\"auto\">Hallitus valitsee keskuudestaan puheenjohtajan ja varapuheenjohtajan. Puheenjohtajan ja varapuheenjohtajan toimikausi on yksi vuosi. Hallituksen sihteerin\u00e4 ja esittelij\u00e4n\u00e4 toimii opiston rehtori tai muu hallituksen teht\u00e4v\u00e4\u00e4n nime\u00e4m\u00e4 henkil\u00f6.<\/span><span data-ccp-props=\"{&quot;201341983&quot;:0,&quot;335559739&quot;:160,&quot;335559740&quot;:252}\">\u00a0<\/span><\/p><p><span data-contrast=\"auto\">Opiston opettajakunnalla on oikeus valita keskuudestaan vuodeksi kerrallaan edustaja ja varaedustaja osallistumaan hallituksen kokouksiin l\u00e4sn\u00e4olo- ja puheoikeudella.<\/span><span data-ccp-props=\"{&quot;201341983&quot;:0,&quot;335559739&quot;:160,&quot;335559740&quot;:252}\">\u00a0<\/span><\/p><p><span style=\"color: var( --e-global-color-text );\" data-contrast=\"auto\">Hallitus kokoontuu puheenjohtajan, tai h\u00e4nen estyneen\u00e4 olleessaan, varapuheenjohtajan kutsusta tai kun v\u00e4hint\u00e4\u00e4n puolet hallituksen varsinaista j\u00e4senist\u00e4 sit\u00e4 vaatii.<\/span><\/p><p><span style=\"color: var( --e-global-color-text );\" data-contrast=\"auto\">Hallituksen hyv\u00e4ksym\u00e4 IHMO:n johtos\u00e4\u00e4nt\u00f6 l\u00f6ytyy <a href=\"https:\/\/test.ihmo.fi\/wp-content\/uploads\/2023\/02\/IHMOn-Johtosaanto-2022-.pdf\" target=\"_blank\" rel=\"noopener\">t\u00e4\u00e4lt\u00e4.<\/a><\/span><\/p>\t\t\t\t\t\t\t\t<\/div>\n\t\t\t\t<\/div>\n\t\t\t\t\t<\/div>\n\t\t<\/div>\n\t\t\t\t\t<\/div>\n\t\t<\/section>\n\t\t\t\t<section class=\"elementor-section elementor-top-section elementor-element elementor-element-d435f6d elementor-section-boxed elementor-section-height-default elementor-section-height-default\" data-id=\"d435f6d\" data-element_type=\"section\">\n\t\t\t\t\t\t<div class=\"elementor-container elementor-column-gap-default\">\n\t\t\t\t\t<div class=\"elementor-column elementor-col-100 elementor-top-column elementor-element elementor-element-403bae3\" data-id=\"403bae3\" data-element_type=\"column\">\n\t\t\t<div class=\"elementor-widget-wrap elementor-element-populated\">\n\t\t\t\t\t\t<div class=\"elementor-element elementor-element-7021486 elementor-widget elementor-widget-heading\" data-id=\"7021486\" data-element_type=\"widget\" data-widget_type=\"heading.default\">\n\t\t\t\t<div class=\"elementor-widget-container\">\n\t\t\t\t\t<h2 class=\"elementor-heading-title elementor-size-default\">Hallituksen j\u00e4senet<\/h2>\t\t\t\t<\/div>\n\t\t\t\t<\/div>\n\t\t\t\t\t<\/div>\n\t\t<\/div>\n\t\t\t\t\t<\/div>\n\t\t<\/section>\n\t\t\t\t<section class=\"elementor-section elementor-top-section elementor-element elementor-element-46b33d8 elementor-section-boxed elementor-section-height-default elementor-section-height-default\" data-id=\"46b33d8\" data-element_type=\"section\">\n\t\t\t\t\t\t<div class=\"elementor-container elementor-column-gap-default\">\n\t\t\t\t\t<div class=\"elementor-column elementor-col-100 elementor-top-column elementor-element elementor-element-1d1efc0\" data-id=\"1d1efc0\" data-element_type=\"column\">\n\t\t\t<div class=\"elementor-widget-wrap elementor-element-populated\">\n\t\t\t\t\t\t<div class=\"elementor-element elementor-element-1078e97 elementor-widget elementor-widget-text-editor\" data-id=\"1078e97\" data-element_type=\"widget\" data-widget_type=\"text-editor.default\">\n\t\t\t\t<div class=\"elementor-widget-container\">\n\t\t\t\t\t\t\t\t\t<p><span class=\"TextRun SCXW72916643 BCX0\" lang=\"FI-FI\" xml:lang=\"FI-FI\" data-contrast=\"none\"><span class=\"NormalTextRun SCXW72916643 BCX0\" data-ccp-charstyle=\"normaltextrun\" data-ccp-charstyle-defn=\"{&quot;ObjectId&quot;:&quot;17cedd6b-4275-485d-a1fe-7a736a3cf103|18&quot;,&quot;ClassId&quot;:1073872969,&quot;Properties&quot;:[134233614,&quot;true&quot;,201340122,&quot;1&quot;,469775450,&quot;normaltextrun&quot;,469778129,&quot;normaltextrun&quot;,469778324,&quot;Default Paragraph Font&quot;]}\">(varaj\u00e4senet suluissa)<\/span><\/span><span class=\"EOP SCXW72916643 BCX0\" data-ccp-props=\"{&quot;201341983&quot;:0,&quot;335559739&quot;:160,&quot;335559740&quot;:252}\">\u00a0<\/span><\/p><p><span data-contrast=\"none\">Katriina Joki, puheenjohtaja (Elina Sepp\u00e4l\u00e4)<\/span>\u00a0<br \/><span data-contrast=\"none\">Janne Kerkel\u00e4, varapuheenjohtaja (Antti Ihamuotila)<\/span>\u00a0<\/p><p><span data-contrast=\"none\">Mari Ahonen\u00a0 (Johanna Kallio)<br \/>Henna Dok-Viksten (Anu Japisson)\u00a0<br \/>Martti Kukkonen\u00a0 (Barbara D\u2019Ambrogi-Ola)<\/span>\u00a0<br \/><span data-contrast=\"none\">Petri Laukontaus \u00a0(Ulla Kivilaakso)<br \/><\/span><span data-contrast=\"none\">Anne\u00a0 Panigrahi-Herler (Hanna Virtanen)<\/span>\u00a0<br \/><span data-contrast=\"none\">Tuomas Pippola \u00a0(Marianne Ihander)<\/span>\u00a0<br \/><span data-contrast=\"none\">Matti Puska (P\u00e4ivi Karppi)<\/span><br \/><span data-ccp-props=\"{&quot;201341983&quot;:0,&quot;335559739&quot;:160,&quot;335559740&quot;:252}\">\u00a0<\/span><\/p><p><span data-contrast=\"none\">Opettajakunnan edustaja<\/span><span data-ccp-props=\"{&quot;201341983&quot;:0,&quot;335559739&quot;:160,&quot;335559740&quot;:252}\">\u00a0<\/span><\/p><p><span data-contrast=\"none\">Miika Sn\u00e5re\u00a0 (Hanna Pesonen)<\/span><span data-ccp-props=\"{&quot;201341983&quot;:0,&quot;335559739&quot;:160,&quot;335559740&quot;:252}\">\u00a0<\/span><\/p>\t\t\t\t\t\t\t\t<\/div>\n\t\t\t\t<\/div>\n\t\t\t\t\t<\/div>\n\t\t<\/div>\n\t\t\t\t\t<\/div>\n\t\t<\/section>\n\t\t\t\t<\/div>\n\t\t","protected":false},"excerpt":{"rendered":"<p>It\u00e4-Helsingin musiikkiopiston kannatusyhdistys ry Yhdistyksen tarkoituksena on edist\u00e4\u00e4 esitt\u00e4v\u00e4n ja luovan s\u00e4veltaiteen opetusta ja laajentaa musiikkikulttuurin tuntemusta erityisesti It\u00e4-Helsingin alueen lasten ja nuorten keskuudessa. Tarkoitustaan yhdistys toteuttaa yll\u00e4pit\u00e4m\u00e4ll\u00e4 voittoa tuottamatonta It\u00e4-Helsingin musiikkiopisto \u2013nimist\u00e4 oppilaitosta.\u00a0\u00a0\u00a0 Yhdistyksen j\u00e4seneksi voidaan ottaa jokainen 15 vuotta t\u00e4ytt\u00e4nyt Suomen kansalainen tai sellainen ulkomaalainen, jolla on kotipaikka Suomessa, oikeuskelpoinen yhteis\u00f6 tai s\u00e4\u00e4ti\u00f6, [&hellip;]<\/p>\n","protected":false},"author":156753792,"featured_media":0,"parent":689,"menu_order":0,"comment_status":"closed","ping_status":"closed","template":"","meta":{"footnotes":""},"_links":{"self":[{"href":"https:\/\/test.ihmo.fi\/index.php?rest_route=\/wp\/v2\/pages\/1949"}],"collection":[{"href":"https:\/\/test.ihmo.fi\/index.php?rest_route=\/wp\/v2\/pages"}],"about":[{"href":"https:\/\/test.ihmo.fi\/index.php?rest_route=\/wp\/v2\/types\/page"}],"author":[{"embeddable":true,"href":"https:\/\/test.ihmo.fi\/index.php?rest_route=\/wp\/v2\/users\/156753792"}],"replies":[{"embeddable":true,"href":"https:\/\/test.ihmo.fi\/index.php?rest_route=%2Fwp%2Fv2%2Fcomments&post=1949"}],"version-history":[{"count":47,"href":"https:\/\/test.ihmo.fi\/index.php?rest_route=\/wp\/v2\/pages\/1949\/revisions"}],"predecessor-version":[{"id":8760,"href":"https:\/\/test.ihmo.fi\/index.php?rest_route=\/wp\/v2\/pages\/1949\/revisions\/8760"}],"up":[{"embeddable":true,"href":"https:\/\/test.ihmo.fi\/index.php?rest_route=\/wp\/v2\/pages\/689"}],"wp:attachment":[{"href":"https:\/\/test.ihmo.fi\/index.php?rest_route=%2Fwp%2Fv2%2Fmedia&parent=1949"}],"curies":[{"name":"wp","href":"https:\/\/api.w.org\/{rel}","templated":true}]}}