{"id":1940,"date":"2021-09-03T10:33:27","date_gmt":"2021-09-03T07:33:27","guid":{"rendered":"https:\/\/test.ihmo.fi\/?page_id=1940"},"modified":"2023-02-10T16:41:12","modified_gmt":"2023-02-10T14:41:12","slug":"musiikin-hahmotusaineet","status":"publish","type":"page","link":"https:\/\/test.ihmo.fi\/?page_id=1940","title":{"rendered":"Musiikin hahmotusaineet"},"content":{"rendered":"\t\t<div data-elementor-type=\"wp-page\" data-elementor-id=\"1940\" class=\"elementor elementor-1940\">\n\t\t\t\t\t\t<section class=\"elementor-section elementor-top-section elementor-element elementor-element-667b789 elementor-section-boxed elementor-section-height-default elementor-section-height-default\" data-id=\"667b789\" data-element_type=\"section\">\n\t\t\t\t\t\t<div class=\"elementor-container elementor-column-gap-default\">\n\t\t\t\t\t<div class=\"elementor-column elementor-col-100 elementor-top-column elementor-element elementor-element-1610f03\" data-id=\"1610f03\" data-element_type=\"column\">\n\t\t\t<div class=\"elementor-widget-wrap elementor-element-populated\">\n\t\t\t\t\t\t<div class=\"elementor-element elementor-element-78107a9 elementor-widget elementor-widget-heading\" data-id=\"78107a9\" data-element_type=\"widget\" data-widget_type=\"heading.default\">\n\t\t\t\t<div class=\"elementor-widget-container\">\n\t\t\t\t\t<h2 class=\"elementor-heading-title elementor-size-default\">Musiikin hahmotusaineet<\/h2>\t\t\t\t<\/div>\n\t\t\t\t<\/div>\n\t\t\t\t\t<\/div>\n\t\t<\/div>\n\t\t\t\t\t<\/div>\n\t\t<\/section>\n\t\t\t\t<section class=\"elementor-section elementor-top-section elementor-element elementor-element-dc03b81 elementor-section-boxed elementor-section-height-default elementor-section-height-default\" data-id=\"dc03b81\" data-element_type=\"section\">\n\t\t\t\t\t\t<div class=\"elementor-container elementor-column-gap-default\">\n\t\t\t\t\t<div class=\"elementor-column elementor-col-100 elementor-top-column elementor-element elementor-element-61c44ea\" data-id=\"61c44ea\" data-element_type=\"column\">\n\t\t\t<div class=\"elementor-widget-wrap elementor-element-populated\">\n\t\t\t\t\t\t<div class=\"elementor-element elementor-element-7dc7d0a elementor-widget elementor-widget-text-editor\" data-id=\"7dc7d0a\" data-element_type=\"widget\" data-widget_type=\"text-editor.default\">\n\t\t\t\t<div class=\"elementor-widget-container\">\n\t\t\t\t\t\t\t\t\t<p><span class=\"TextRun SCXW34228295 BCX0\" lang=\"FI-FI\" xml:lang=\"FI-FI\" data-contrast=\"none\"><span class=\"NormalTextRun SCXW34228295 BCX0\" data-ccp-charstyle=\"normaltextrun\" data-ccp-charstyle-defn=\"{&quot;ObjectId&quot;:&quot;9b090e03-0064-4afa-ac86-86662140ff4b|63&quot;,&quot;ClassId&quot;:1073872969,&quot;Properties&quot;:[134233614,&quot;true&quot;,201340122,&quot;1&quot;,469775450,&quot;normaltextrun&quot;,469778129,&quot;normaltextrun&quot;,469778324,&quot;Default Paragraph Font&quot;]}\">Musiikin hahmotusaineet tukevat ja t\u00e4ydent\u00e4v\u00e4t soittoharrastusta ja ovat olennainen osa musiikkiopiston perus- ja syvent\u00e4vi\u00e4 opintoja.<\/span><\/span><span class=\"EOP SCXW34228295 BCX0\" data-ccp-props=\"{&quot;201341983&quot;:0,&quot;335559739&quot;:160,&quot;335559740&quot;:259}\">\u00a0<\/span><\/p>\t\t\t\t\t\t\t\t<\/div>\n\t\t\t\t<\/div>\n\t\t\t\t\t<\/div>\n\t\t<\/div>\n\t\t\t\t\t<\/div>\n\t\t<\/section>\n\t\t\t\t<section class=\"elementor-section elementor-top-section elementor-element elementor-element-3a47e0d elementor-section-boxed elementor-section-height-default elementor-section-height-default\" data-id=\"3a47e0d\" data-element_type=\"section\">\n\t\t\t\t\t\t<div class=\"elementor-container elementor-column-gap-default\">\n\t\t\t\t\t<div class=\"elementor-column elementor-col-100 elementor-top-column elementor-element elementor-element-7976459\" data-id=\"7976459\" data-element_type=\"column\">\n\t\t\t<div class=\"elementor-widget-wrap elementor-element-populated\">\n\t\t\t\t\t\t<div class=\"elementor-element elementor-element-8f6c854 elementor-widget elementor-widget-heading\" data-id=\"8f6c854\" data-element_type=\"widget\" data-widget_type=\"heading.default\">\n\t\t\t\t<div class=\"elementor-widget-container\">\n\t\t\t\t\t<h2 class=\"elementor-heading-title elementor-size-default\">Perusopinnot<\/h2>\t\t\t\t<\/div>\n\t\t\t\t<\/div>\n\t\t\t\t\t<\/div>\n\t\t<\/div>\n\t\t\t\t\t<\/div>\n\t\t<\/section>\n\t\t\t\t<section class=\"elementor-section elementor-top-section elementor-element elementor-element-fc7f8fd elementor-section-boxed elementor-section-height-default elementor-section-height-default\" data-id=\"fc7f8fd\" data-element_type=\"section\">\n\t\t\t\t\t\t<div class=\"elementor-container elementor-column-gap-default\">\n\t\t\t\t\t<div class=\"elementor-column elementor-col-100 elementor-top-column elementor-element elementor-element-f705f59\" data-id=\"f705f59\" data-element_type=\"column\">\n\t\t\t<div class=\"elementor-widget-wrap elementor-element-populated\">\n\t\t\t\t\t\t<div class=\"elementor-element elementor-element-0c415c3 elementor-widget elementor-widget-text-editor\" data-id=\"0c415c3\" data-element_type=\"widget\" data-widget_type=\"text-editor.default\">\n\t\t\t\t<div class=\"elementor-widget-container\">\n\t\t\t\t\t\t\t\t\t<p><span class=\"TextRun SCXW237162135 BCX0\" lang=\"FI-FI\" xml:lang=\"FI-FI\" data-contrast=\"none\"><span class=\"NormalTextRun SCXW237162135 BCX0\" data-ccp-charstyle=\"normaltextrun\" data-ccp-charstyle-defn=\"{&quot;ObjectId&quot;:&quot;9b090e03-0064-4afa-ac86-86662140ff4b|63&quot;,&quot;ClassId&quot;:1073872969,&quot;Properties&quot;:[134233614,&quot;true&quot;,201340122,&quot;1&quot;,469775450,&quot;normaltextrun&quot;,469778129,&quot;normaltextrun&quot;,469778324,&quot;Default Paragraph Font&quot;]}\">Opetuksen tavoitteena on, ett\u00e4 oppilas oppii lukemaan, kirjoittamaan ja hahmottamaan soittamaansa musiikkia, tutustuu alustavasti musiikkiteknologisiin sovelluksiin, perehtyy musiikin historiaan ja vahvistaa monipuolisia musiikillisia taitojaan.<\/span><\/span><span class=\"EOP SCXW237162135 BCX0\" data-ccp-props=\"{&quot;201341983&quot;:0,&quot;335559739&quot;:160,&quot;335559740&quot;:259}\">\u00a0<\/span><\/p>\t\t\t\t\t\t\t\t<\/div>\n\t\t\t\t<\/div>\n\t\t\t\t\t<\/div>\n\t\t<\/div>\n\t\t\t\t\t<\/div>\n\t\t<\/section>\n\t\t\t\t<section class=\"elementor-section elementor-top-section elementor-element elementor-element-6079bec elementor-section-boxed elementor-section-height-default elementor-section-height-default\" data-id=\"6079bec\" data-element_type=\"section\">\n\t\t\t\t\t\t<div class=\"elementor-container elementor-column-gap-default\">\n\t\t\t\t\t<div class=\"elementor-column elementor-col-100 elementor-top-column elementor-element elementor-element-4ee9ca8\" data-id=\"4ee9ca8\" data-element_type=\"column\">\n\t\t\t<div class=\"elementor-widget-wrap elementor-element-populated\">\n\t\t\t\t\t\t<div class=\"elementor-element elementor-element-16a5ba4 elementor-widget elementor-widget-heading\" data-id=\"16a5ba4\" data-element_type=\"widget\" data-widget_type=\"heading.default\">\n\t\t\t\t<div class=\"elementor-widget-container\">\n\t\t\t\t\t<h2 class=\"elementor-heading-title elementor-size-default\">Kaikille yhteiset opinnot<\/h2>\t\t\t\t<\/div>\n\t\t\t\t<\/div>\n\t\t\t\t\t<\/div>\n\t\t<\/div>\n\t\t\t\t\t<\/div>\n\t\t<\/section>\n\t\t\t\t<section class=\"elementor-section elementor-top-section elementor-element elementor-element-6a06a63 elementor-section-boxed elementor-section-height-default elementor-section-height-default\" data-id=\"6a06a63\" data-element_type=\"section\">\n\t\t\t\t\t\t<div class=\"elementor-container elementor-column-gap-default\">\n\t\t\t\t\t<div class=\"elementor-column elementor-col-100 elementor-top-column elementor-element elementor-element-01a8674\" data-id=\"01a8674\" data-element_type=\"column\">\n\t\t\t<div class=\"elementor-widget-wrap elementor-element-populated\">\n\t\t\t\t\t\t<div class=\"elementor-element elementor-element-af6feeb elementor-widget elementor-widget-text-editor\" data-id=\"af6feeb\" data-element_type=\"widget\" data-widget_type=\"text-editor.default\">\n\t\t\t\t<div class=\"elementor-widget-container\">\n\t\t\t\t\t\t\t\t\t<p><span data-contrast=\"none\">Opinnot aloitetaan soittimeen integroiduista musiikin hahmotusaineiden eli MUHA INTRO -ryhmist\u00e4. Soittimeen integroidut MUHA-opinnot kest\u00e4v\u00e4t useamman vuoden niin, ett\u00e4 oppilas on saavuttanut soittimessaan v\u00e4hint\u00e4\u00e4n tason 1. Muha intro -tunnin pituus m\u00e4\u00e4r\u00e4ytyy ryhm\u00e4n oppilasm\u00e4\u00e4r\u00e4n mukaan. P\u00e4\u00e4aineen oppitunnin pituus on 40 minuuttia. Introvaiheen j\u00e4lkeen siirryt\u00e4\u00e4n opinnoissa tasolle 2, jonka aikana oppilas osallistuu muha 1 ja muha 2 kursseille.<\/span><span data-ccp-props=\"{&quot;201341983&quot;:0,&quot;335559739&quot;:160,&quot;335559740&quot;:259}\">\u00a0<\/span><\/p><p><span data-contrast=\"none\"><strong>Muha\u00a01<\/strong> kurssilla musiikin luku- ja kirjoitustaitoa harjoitetaan ja vahvistetaan toiminnallisista l\u00e4ht\u00f6kohdista.\u00a0Muhatunnin\u00a0pituus on 45 minuuttia. P\u00e4\u00e4aineen oppitunnin pituus on 40 minuuttia.<\/span><span data-ccp-props=\"{&quot;201341983&quot;:0,&quot;335559739&quot;:160,&quot;335559740&quot;:259}\">\u00a0<\/span><\/p><p><span data-contrast=\"none\"><strong>Muha 2<\/strong> kurssilla harjoittellaan yksinkertaisten melodioiden kirjoittamista ja siirt\u00e4mist\u00e4 toisiin s\u00e4vellajeihin, opettelevat yksinkertaisia s\u00e4estyksi\u00e4 perussointutehoilla, vahvistavat s\u00e4vellajiosaamista ja niiden merkitsemist\u00e4 ja harjoittelevat opittujen taitojen puitteissa musiikillista keksint\u00e4\u00e4. Muhatunnin pituus on 60 minuuttia ja p\u00e4\u00e4aineen oppitunnin pituus 45 minuuttia.<\/span><span data-ccp-props=\"{&quot;201341983&quot;:0,&quot;335559739&quot;:160,&quot;335559740&quot;:259}\">\u00a0<\/span><\/p><p><span data-contrast=\"none\">P\u00e4\u00e4s\u00e4\u00e4nt\u00f6isesti kurssit suoritetaan osallistumalla oppitunneille. Muha-opintoihin mahdollisesti liittyvist\u00e4 poikkeamista, opintojen suorittamisesta muissa oppilaitoksissa tai opintojen v\u00e4liaikaisesta keskeytyksest\u00e4 tulee keskustella ja sopia muha-opettajan ja soitonopettajan kanssa.<\/span><span data-ccp-props=\"{&quot;201341983&quot;:0,&quot;335559739&quot;:160,&quot;335559740&quot;:259}\">\u00a0<\/span><\/p><p>Mualla suoritetuista tai aikaisemmin suoritetuista opinnoista voi anoa hyv\u00e4ksilukua. Opintojen hyv\u00e4ksiluvussa pyrit\u00e4\u00e4n tunnistamaan ja tunnustamaan aikaisemin hankittu osaaminen.<\/p>\t\t\t\t\t\t\t\t<\/div>\n\t\t\t\t<\/div>\n\t\t\t\t\t<\/div>\n\t\t<\/div>\n\t\t\t\t\t<\/div>\n\t\t<\/section>\n\t\t\t\t<section class=\"elementor-section elementor-top-section elementor-element elementor-element-f824a32 elementor-section-boxed elementor-section-height-default elementor-section-height-default\" data-id=\"f824a32\" data-element_type=\"section\">\n\t\t\t\t\t\t<div class=\"elementor-container elementor-column-gap-default\">\n\t\t\t\t\t<div class=\"elementor-column elementor-col-100 elementor-top-column elementor-element elementor-element-6139881\" data-id=\"6139881\" data-element_type=\"column\">\n\t\t\t<div class=\"elementor-widget-wrap elementor-element-populated\">\n\t\t\t\t\t\t<div class=\"elementor-element elementor-element-d178ab4 elementor-widget elementor-widget-heading\" data-id=\"d178ab4\" data-element_type=\"widget\" data-widget_type=\"heading.default\">\n\t\t\t\t<div class=\"elementor-widget-container\">\n\t\t\t\t\t<h2 class=\"elementor-heading-title elementor-size-default\">Valinnaiset kurssit<\/h2>\t\t\t\t<\/div>\n\t\t\t\t<\/div>\n\t\t\t\t<div class=\"elementor-element elementor-element-aff0dc8 elementor-widget elementor-widget-image\" data-id=\"aff0dc8\" data-element_type=\"widget\" data-widget_type=\"image.default\">\n\t\t\t\t<div class=\"elementor-widget-container\">\n\t\t\t\t\t\t\t\t\t\t\t\t\t\t\t<img decoding=\"async\" src=\"https:\/\/test.ihmo.fi\/wp-content\/uploads\/elementor\/thumbs\/sellot-q0sqzd302j16x353m2obwkyibbcmiis52s93bfz8cg.jpg\" title=\"sellot\" alt=\"sellot\" loading=\"lazy\" \/>\t\t\t\t\t\t\t\t\t\t\t\t\t\t\t<\/div>\n\t\t\t\t<\/div>\n\t\t\t\t\t<\/div>\n\t\t<\/div>\n\t\t\t\t\t<\/div>\n\t\t<\/section>\n\t\t\t\t<section class=\"elementor-section elementor-top-section elementor-element elementor-element-8ae8485 elementor-section-boxed elementor-section-height-default elementor-section-height-default\" data-id=\"8ae8485\" data-element_type=\"section\">\n\t\t\t\t\t\t<div class=\"elementor-container elementor-column-gap-default\">\n\t\t\t\t\t<div class=\"elementor-column elementor-col-100 elementor-top-column elementor-element elementor-element-73daac3\" data-id=\"73daac3\" data-element_type=\"column\">\n\t\t\t<div class=\"elementor-widget-wrap elementor-element-populated\">\n\t\t\t\t\t\t<div class=\"elementor-element elementor-element-bbcb1cd elementor-widget elementor-widget-text-editor\" data-id=\"bbcb1cd\" data-element_type=\"widget\" data-widget_type=\"text-editor.default\">\n\t\t\t\t<div class=\"elementor-widget-container\">\n\t\t\t\t\t\t\t\t\t<p><span data-contrast=\"none\">Tasolta 3 alkaen musiikin hahmotustaitoja vakiinnutetaan valinnaisilla opinnoilla omien tavoitteiden mukaan. Muha 3-5 oppitunnin pituus on p\u00e4\u00e4s\u00e4\u00e4nt\u00f6isesti 75 minuuttia ja yksi kurssi kest\u00e4\u00e4 yhden lukukauden (syksy tai kev\u00e4t). Oppilas voi valita halutessaan opintojen kuluessa vaikka kaikki tarjolla olevat kurssit!<\/span><span data-ccp-props=\"{&quot;201341983&quot;:0,&quot;335559739&quot;:160,&quot;335559740&quot;:259}\">&nbsp;<\/span><\/p>\n<p><span data-contrast=\"none\">Kun oppilas haluaa jatkaa syvent\u00e4viin opintoihin, h\u00e4n valitsee v\u00e4hint\u00e4\u00e4n 4 valinnaista kurssia.&nbsp;<\/span><span data-ccp-props=\"{&quot;201341983&quot;:0,&quot;335559739&quot;:160,&quot;335559740&quot;:259}\">&nbsp;<\/span><\/p>\n<p><span data-contrast=\"none\">Jos opiskelu p\u00e4\u00e4ttyy perusopintoihin, riitt\u00e4\u00e4 2 valinnaista kurssia.<\/span><span data-ccp-props=\"{&quot;201341983&quot;:0,&quot;335559739&quot;:160,&quot;335559740&quot;:259}\">&nbsp;<\/span><\/p>\n<p><span data-contrast=\"none\">Tarkat kurssikuvaukset l\u00f6ytyv\u00e4t kirjautumalla Eepokseen.&nbsp;<\/span><\/p>\t\t\t\t\t\t\t\t<\/div>\n\t\t\t\t<\/div>\n\t\t\t\t\t<\/div>\n\t\t<\/div>\n\t\t\t\t\t<\/div>\n\t\t<\/section>\n\t\t\t\t<section class=\"elementor-section elementor-top-section elementor-element elementor-element-01ff26a elementor-section-boxed elementor-section-height-default elementor-section-height-default\" data-id=\"01ff26a\" data-element_type=\"section\">\n\t\t\t\t\t\t<div class=\"elementor-container elementor-column-gap-default\">\n\t\t\t\t\t<div class=\"elementor-column elementor-col-100 elementor-top-column elementor-element elementor-element-190004e\" data-id=\"190004e\" data-element_type=\"column\">\n\t\t\t<div class=\"elementor-widget-wrap elementor-element-populated\">\n\t\t\t\t\t\t<div class=\"elementor-element elementor-element-22bb660 elementor-widget elementor-widget-heading\" data-id=\"22bb660\" data-element_type=\"widget\" data-widget_type=\"heading.default\">\n\t\t\t\t<div class=\"elementor-widget-container\">\n\t\t\t\t\t<h2 class=\"elementor-heading-title elementor-size-default\">Syvent\u00e4v\u00e4t opinnot<\/h2>\t\t\t\t<\/div>\n\t\t\t\t<\/div>\n\t\t\t\t\t<\/div>\n\t\t<\/div>\n\t\t\t\t\t<\/div>\n\t\t<\/section>\n\t\t\t\t<section class=\"elementor-section elementor-top-section elementor-element elementor-element-6b8a793 elementor-section-boxed elementor-section-height-default elementor-section-height-default\" data-id=\"6b8a793\" data-element_type=\"section\">\n\t\t\t\t\t\t<div class=\"elementor-container elementor-column-gap-default\">\n\t\t\t\t\t<div class=\"elementor-column elementor-col-100 elementor-top-column elementor-element elementor-element-ad82c20\" data-id=\"ad82c20\" data-element_type=\"column\">\n\t\t\t<div class=\"elementor-widget-wrap elementor-element-populated\">\n\t\t\t\t\t\t<div class=\"elementor-element elementor-element-da8591d elementor-widget elementor-widget-text-editor\" data-id=\"da8591d\" data-element_type=\"widget\" data-widget_type=\"text-editor.default\">\n\t\t\t\t<div class=\"elementor-widget-container\">\n\t\t\t\t\t\t\t\t\t<p><span data-contrast=\"none\">Syvent\u00e4vien opintojen tarkoituksena on opintomahdollisuuksien laajentaminen ja painottaminen. Opiskelija voi vapaasti valita kulloisenkin kurssitarjonnan mukaan omaan opintosuunnitelmaansa soveltuvia musiikin hahmotusaineiden kursseja.<\/span><span data-ccp-props=\"{&quot;201341983&quot;:0,&quot;335559739&quot;:160,&quot;335559740&quot;:259}\">\u00a0<\/span><\/p><p><span data-contrast=\"none\">Syvent\u00e4viss\u00e4 opinnoissa opiskelija asettaa tavoitteensa neuvoteltuaan oman p\u00e4\u00e4aineen opettajan kanssa. Opinnoissa voi edet\u00e4 MODERATO tai ACCELERANDO painotuksen mukaan:<\/span><span data-ccp-props=\"{&quot;201341983&quot;:0,&quot;335559739&quot;:160,&quot;335559740&quot;:259}\">\u00a0<\/span><\/p><p><span data-contrast=\"none\">MODERATO -opinnoissa opiskelijan kuuluu valita v\u00e4hint\u00e4\u00e4n kaksi lukukauden mittaista musiikin hahmotusaineiden kurssia.<\/span><span data-ccp-props=\"{&quot;201341983&quot;:0,&quot;335559739&quot;:160,&quot;335559740&quot;:259}\">\u00a0<\/span><\/p><p><span data-contrast=\"none\">ACCELERANDO -opinnoissa t\u00e4hd\u00e4t\u00e4\u00e4n vahvaan harrastuspohjaan tai ammattiopintoihin. Opiskelijan kuuluu valita v\u00e4hint\u00e4\u00e4n nelj\u00e4 lukukauden mittaista<\/span><span data-ccp-props=\"{&quot;201341983&quot;:0,&quot;335559739&quot;:160,&quot;335559740&quot;:259}\">\u00a0<\/span><\/p>\t\t\t\t\t\t\t\t<\/div>\n\t\t\t\t<\/div>\n\t\t\t\t\t<\/div>\n\t\t<\/div>\n\t\t\t\t\t<\/div>\n\t\t<\/section>\n\t\t\t\t<\/div>\n\t\t","protected":false},"excerpt":{"rendered":"<p>Musiikin hahmotusaineet Musiikin hahmotusaineet tukevat ja t\u00e4ydent\u00e4v\u00e4t soittoharrastusta ja ovat olennainen osa musiikkiopiston perus- ja syvent\u00e4vi\u00e4 opintoja.\u00a0 Perusopinnot Opetuksen tavoitteena on, ett\u00e4 oppilas oppii lukemaan, kirjoittamaan ja hahmottamaan soittamaansa musiikkia, tutustuu alustavasti musiikkiteknologisiin sovelluksiin, perehtyy musiikin historiaan ja vahvistaa monipuolisia musiikillisia taitojaan.\u00a0 Kaikille yhteiset opinnot Opinnot aloitetaan soittimeen integroiduista musiikin hahmotusaineiden eli MUHA INTRO -ryhmist\u00e4. [&hellip;]<\/p>\n","protected":false},"author":156753792,"featured_media":0,"parent":686,"menu_order":0,"comment_status":"closed","ping_status":"closed","template":"","meta":{"footnotes":""},"_links":{"self":[{"href":"https:\/\/test.ihmo.fi\/index.php?rest_route=\/wp\/v2\/pages\/1940"}],"collection":[{"href":"https:\/\/test.ihmo.fi\/index.php?rest_route=\/wp\/v2\/pages"}],"about":[{"href":"https:\/\/test.ihmo.fi\/index.php?rest_route=\/wp\/v2\/types\/page"}],"author":[{"embeddable":true,"href":"https:\/\/test.ihmo.fi\/index.php?rest_route=\/wp\/v2\/users\/156753792"}],"replies":[{"embeddable":true,"href":"https:\/\/test.ihmo.fi\/index.php?rest_route=%2Fwp%2Fv2%2Fcomments&post=1940"}],"version-history":[{"count":87,"href":"https:\/\/test.ihmo.fi\/index.php?rest_route=\/wp\/v2\/pages\/1940\/revisions"}],"predecessor-version":[{"id":8945,"href":"https:\/\/test.ihmo.fi\/index.php?rest_route=\/wp\/v2\/pages\/1940\/revisions\/8945"}],"up":[{"embeddable":true,"href":"https:\/\/test.ihmo.fi\/index.php?rest_route=\/wp\/v2\/pages\/686"}],"wp:attachment":[{"href":"https:\/\/test.ihmo.fi\/index.php?rest_route=%2Fwp%2Fv2%2Fmedia&parent=1940"}],"curies":[{"name":"wp","href":"https:\/\/api.w.org\/{rel}","templated":true}]}}