{"id":1937,"date":"2021-09-03T10:33:04","date_gmt":"2021-09-03T07:33:04","guid":{"rendered":"https:\/\/test.ihmo.fi\/?page_id=1937"},"modified":"2023-01-19T17:26:15","modified_gmt":"2023-01-19T15:26:15","slug":"solistinen-opetus","status":"publish","type":"page","link":"https:\/\/test.ihmo.fi\/?page_id=1937","title":{"rendered":"Yksil\u00f6opetus"},"content":{"rendered":"\t\t<div data-elementor-type=\"wp-page\" data-elementor-id=\"1937\" class=\"elementor elementor-1937\">\n\t\t\t\t\t\t<section class=\"elementor-section elementor-top-section elementor-element elementor-element-03e69f9 elementor-section-boxed elementor-section-height-default elementor-section-height-default elementor-invisible\" data-id=\"03e69f9\" data-element_type=\"section\" data-settings=\"{&quot;animation&quot;:&quot;fadeIn&quot;,&quot;animation_delay&quot;:200}\">\n\t\t\t\t\t\t<div class=\"elementor-container elementor-column-gap-default\">\n\t\t\t\t\t<div class=\"elementor-column elementor-col-100 elementor-top-column elementor-element elementor-element-05365bc\" data-id=\"05365bc\" data-element_type=\"column\">\n\t\t\t<div class=\"elementor-widget-wrap elementor-element-populated\">\n\t\t\t\t\t\t<section class=\"elementor-section elementor-inner-section elementor-element elementor-element-0c4d641 elementor-section-boxed elementor-section-height-default elementor-section-height-default\" data-id=\"0c4d641\" data-element_type=\"section\">\n\t\t\t\t\t\t<div class=\"elementor-container elementor-column-gap-default\">\n\t\t\t\t\t<div class=\"elementor-column elementor-col-33 elementor-inner-column elementor-element elementor-element-b3fed17\" data-id=\"b3fed17\" data-element_type=\"column\">\n\t\t\t<div class=\"elementor-widget-wrap elementor-element-populated\">\n\t\t\t\t\t\t<div class=\"elementor-element elementor-element-17884b0 elementor-align-center elementor-widget elementor-widget-button\" data-id=\"17884b0\" data-element_type=\"widget\" data-widget_type=\"button.default\">\n\t\t\t\t<div class=\"elementor-widget-container\">\n\t\t\t\t\t\t\t\t\t<div class=\"elementor-button-wrapper\">\n\t\t\t\t\t<a class=\"elementor-button elementor-button-link elementor-size-md\" href=\"https:\/\/test.ihmo.fi\/?page_id=2610\">\n\t\t\t\t\t\t<span class=\"elementor-button-content-wrapper\">\n\t\t\t\t\t\t\t\t\t<span class=\"elementor-button-text\">Tutustu soittimiin!<\/span>\n\t\t\t\t\t<\/span>\n\t\t\t\t\t<\/a>\n\t\t\t\t<\/div>\n\t\t\t\t\t\t\t\t<\/div>\n\t\t\t\t<\/div>\n\t\t\t\t\t<\/div>\n\t\t<\/div>\n\t\t\t\t<div class=\"elementor-column elementor-col-33 elementor-inner-column elementor-element elementor-element-bed7b73\" data-id=\"bed7b73\" data-element_type=\"column\">\n\t\t\t<div class=\"elementor-widget-wrap elementor-element-populated\">\n\t\t\t\t\t\t<div class=\"elementor-element elementor-element-34ef451 elementor-align-center elementor-widget elementor-widget-button\" data-id=\"34ef451\" data-element_type=\"widget\" data-widget_type=\"button.default\">\n\t\t\t\t<div class=\"elementor-widget-container\">\n\t\t\t\t\t\t\t\t\t<div class=\"elementor-button-wrapper\">\n\t\t\t\t\t<a class=\"elementor-button elementor-button-link elementor-size-md\" href=\"https:\/\/test.ihmo.fi\/?page_id=3198\">\n\t\t\t\t\t\t<span class=\"elementor-button-content-wrapper\">\n\t\t\t\t\t\t\t\t\t<span class=\"elementor-button-text\">Opettajat<\/span>\n\t\t\t\t\t<\/span>\n\t\t\t\t\t<\/a>\n\t\t\t\t<\/div>\n\t\t\t\t\t\t\t\t<\/div>\n\t\t\t\t<\/div>\n\t\t\t\t\t<\/div>\n\t\t<\/div>\n\t\t\t\t<div class=\"elementor-column elementor-col-33 elementor-inner-column elementor-element elementor-element-dbe2dcc\" data-id=\"dbe2dcc\" data-element_type=\"column\">\n\t\t\t<div class=\"elementor-widget-wrap elementor-element-populated\">\n\t\t\t\t\t\t<div class=\"elementor-element elementor-element-bdabf6f elementor-align-center elementor-widget elementor-widget-button\" data-id=\"bdabf6f\" data-element_type=\"widget\" data-widget_type=\"button.default\">\n\t\t\t\t<div class=\"elementor-widget-container\">\n\t\t\t\t\t\t\t\t\t<div class=\"elementor-button-wrapper\">\n\t\t\t\t\t<a class=\"elementor-button elementor-button-link elementor-size-md\" href=\"https:\/\/test.ihmo.fi\/?page_id=686\">\n\t\t\t\t\t\t<span class=\"elementor-button-content-wrapper\">\n\t\t\t\t\t\t\t\t\t<span class=\"elementor-button-text\">Opetus IHMOssa<\/span>\n\t\t\t\t\t<\/span>\n\t\t\t\t\t<\/a>\n\t\t\t\t<\/div>\n\t\t\t\t\t\t\t\t<\/div>\n\t\t\t\t<\/div>\n\t\t\t\t\t<\/div>\n\t\t<\/div>\n\t\t\t\t\t<\/div>\n\t\t<\/section>\n\t\t\t\t\t<\/div>\n\t\t<\/div>\n\t\t\t\t\t<\/div>\n\t\t<\/section>\n\t\t\t\t<section class=\"elementor-section elementor-top-section elementor-element elementor-element-eebc5f0 elementor-section-boxed elementor-section-height-default elementor-section-height-default\" data-id=\"eebc5f0\" data-element_type=\"section\">\n\t\t\t\t\t\t<div class=\"elementor-container elementor-column-gap-default\">\n\t\t\t\t\t<div class=\"elementor-column elementor-col-100 elementor-top-column elementor-element elementor-element-27e3562\" data-id=\"27e3562\" data-element_type=\"column\">\n\t\t\t<div class=\"elementor-widget-wrap elementor-element-populated\">\n\t\t\t\t\t\t<div class=\"elementor-element elementor-element-fde4366 elementor-widget elementor-widget-spacer\" data-id=\"fde4366\" data-element_type=\"widget\" data-widget_type=\"spacer.default\">\n\t\t\t\t<div class=\"elementor-widget-container\">\n\t\t\t\t\t\t\t<div class=\"elementor-spacer\">\n\t\t\t<div class=\"elementor-spacer-inner\"><\/div>\n\t\t<\/div>\n\t\t\t\t\t\t<\/div>\n\t\t\t\t<\/div>\n\t\t\t\t<div class=\"elementor-element elementor-element-688518e elementor-widget elementor-widget-heading\" data-id=\"688518e\" data-element_type=\"widget\" data-widget_type=\"heading.default\">\n\t\t\t\t<div class=\"elementor-widget-container\">\n\t\t\t\t\t<h2 class=\"elementor-heading-title elementor-size-default\">Yksil\u00f6opetus<\/h2>\t\t\t\t<\/div>\n\t\t\t\t<\/div>\n\t\t\t\t<div class=\"elementor-element elementor-element-2a20ec0 elementor-widget elementor-widget-image\" data-id=\"2a20ec0\" data-element_type=\"widget\" data-widget_type=\"image.default\">\n\t\t\t\t<div class=\"elementor-widget-container\">\n\t\t\t\t\t\t\t\t\t\t\t\t\t\t\t<img fetchpriority=\"high\" decoding=\"async\" width=\"300\" height=\"201\" src=\"https:\/\/test.ihmo.fi\/wp-content\/uploads\/2023\/01\/Sipulius_opettaa_.png\" class=\"attachment-large size-large wp-image-7507\" alt=\"\" srcset=\"https:\/\/test.ihmo.fi\/wp-content\/uploads\/2023\/01\/Sipulius_opettaa_.png 300w, https:\/\/test.ihmo.fi\/wp-content\/uploads\/2023\/01\/Sipulius_opettaa_-150x101.png 150w\" sizes=\"(max-width: 300px) 100vw, 300px\" \/>\t\t\t\t\t\t\t\t\t\t\t\t\t\t\t<\/div>\n\t\t\t\t<\/div>\n\t\t\t\t<div class=\"elementor-element elementor-element-e60c82f elementor-widget elementor-widget-text-editor\" data-id=\"e60c82f\" data-element_type=\"widget\" data-widget_type=\"text-editor.default\">\n\t\t\t\t<div class=\"elementor-widget-container\">\n\t\t\t\t\t\t\t\t\t<p><span data-contrast=\"auto\">Laajan oppim\u00e4\u00e4r\u00e4n mukainen musiikin perusopetus rakentuu musiikin\u00a0<\/span><span style=\"font-weight: bold;\">perusopinnoista<\/span><span data-contrast=\"auto\">\u00a0ja\u00a0<\/span><span style=\"font-weight: bold;\">syvent\u00e4vist\u00e4 opinnoista<\/span><span data-contrast=\"auto\">.\u00a0<\/span><\/p><p><span data-contrast=\"auto\">Opintojen alusta asti opiskeluun kuuluu yhdess\u00e4 musisointi. Yksil\u00f6tunnin parina toimiva ryhm\u00e4tunti on vertaisryhm\u00e4, joka tukee sosiaalista oppimista. <\/span><span data-contrast=\"auto\">Opinnoissa perehdyt\u00e4\u00e4n monipuolisesti instrumentin perustekniikkaan, ohjelmistoon ja ilmaisumahdollisuuksiin. Oppitunneilla oppilas saa henkil\u00f6kohtaista ohjausta tukemaan tavoitteellista kotiharjoittelua.<\/span><span data-ccp-props=\"{&quot;201341983&quot;:0,&quot;335559739&quot;:160,&quot;335559740&quot;:259}\">\u00a0<\/span><span style=\"color: var( --e-global-color-text ); font-family: var( --e-global-typography-text-font-family ), Sans-serif;\" data-contrast=\"auto\">\u00a0<\/span><span style=\"color: var( --e-global-color-text ); font-family: var( --e-global-typography-text-font-family ), Sans-serif;\" data-ccp-props=\"{&quot;201341983&quot;:0,&quot;335559739&quot;:160,&quot;335559740&quot;:259}\">\u00a0<\/span><\/p><p><span data-contrast=\"auto\">Opinnot t\u00e4ht\u00e4\u00e4v\u00e4t syvent\u00e4vien opintojen lopputy\u00f6h\u00f6n, jossa oppilas osoittaa musiikkiopintojen aikana hankkimaansa yksil\u00f6llist\u00e4 osaamistaan.<\/span><\/p>\t\t\t\t\t\t\t\t<\/div>\n\t\t\t\t<\/div>\n\t\t\t\t<div class=\"elementor-element elementor-element-f3398eb elementor-widget elementor-widget-image\" data-id=\"f3398eb\" data-element_type=\"widget\" data-widget_type=\"image.default\">\n\t\t\t\t<div class=\"elementor-widget-container\">\n\t\t\t\t\t\t\t\t\t\t\t\t\t\t\t<img decoding=\"async\" src=\"https:\/\/test.ihmo.fi\/wp-content\/uploads\/elementor\/thumbs\/viulupoika-q0sqzklpl7bhhyu6e5xcgj272ebk83lzrtgz5no2yo.jpg\" title=\"viulupoika\" alt=\"viulupoika\" loading=\"lazy\" \/>\t\t\t\t\t\t\t\t\t\t\t\t\t\t\t<\/div>\n\t\t\t\t<\/div>\n\t\t\t\t<div class=\"elementor-element elementor-element-3607b81 elementor-widget elementor-widget-text-editor\" data-id=\"3607b81\" data-element_type=\"widget\" data-widget_type=\"text-editor.default\">\n\t\t\t\t<div class=\"elementor-widget-container\">\n\t\t\t\t\t\t\t\t\t<p><span style=\"font-weight: bold; color: var( --e-global-color-text ); font-family: var( --e-global-typography-text-font-family ), Sans-serif;\">Perusopinnoissa<\/span><span style=\"color: var( --e-global-color-text ); font-family: var( --e-global-typography-text-font-family ), Sans-serif;\" data-contrast=\"auto\"> musisointitaitojen harjoittelu ja kehitt\u00e4minen on tavoitteellista ja pitk\u00e4j\u00e4nteist\u00e4. Opetusta annetaan solistisissa aineissa (soittimet ja laulu), musiikin hahmotusaineissa, orkesterisoitossa, kamarimusiikissa, vapaassa s\u00e4estyksess\u00e4, yhtye- tai kuorolaulussa ja s\u00e4velt\u00e4misess\u00e4 sek\u00e4 erityiskursseilla lukuvuosisuunnitelman mukaan.<\/span><span style=\"color: var( --e-global-color-text ); font-family: var( --e-global-typography-text-font-family ), Sans-serif;\" data-ccp-props=\"{&quot;201341983&quot;:0,&quot;335559739&quot;:160,&quot;335559740&quot;:259}\">\u00a0<\/span><\/p><p><span data-contrast=\"auto\">Perusopinnot voivat alkaa soitinkohtaisissa valmennusryhmiss\u00e4. Opintojen alkuvuosina (Tasot 1 ja 2) opinnot ovat kaikille saman laajuisia. Opinnoissa musiikin hahmotusaineet (INTRO ja MUHA) kulkevat k\u00e4si k\u00e4dess\u00e4 yksil\u00f6llisten instrumenttiopintojen ja yhteismusisoinnin kanssa. Valinnaisuus musiikin hahmotusaineissa kasvaa seuraavien opintokokonaisuuksien (Tasot 3 ja 4) aikana vastaamaan oppilaan henkil\u00f6kohtaisia opintotavoitteita.<\/span><span data-ccp-props=\"{&quot;201341983&quot;:0,&quot;335559739&quot;:160,&quot;335559740&quot;:259}\">\u00a0<\/span><\/p>\t\t\t\t\t\t\t\t<\/div>\n\t\t\t\t<\/div>\n\t\t\t\t<div class=\"elementor-element elementor-element-c789215 elementor-widget elementor-widget-text-editor\" data-id=\"c789215\" data-element_type=\"widget\" data-widget_type=\"text-editor.default\">\n\t\t\t\t<div class=\"elementor-widget-container\">\n\t\t\t\t\t\t\t\t\t<p><b style=\"color: var( --e-global-color-text ); font-family: var( --e-global-typography-text-font-family ), Sans-serif; font-size: 1rem;\"><span data-contrast=\"auto\">Syvent\u00e4vien opintojen<\/span><\/b><span style=\"color: var( --e-global-color-text ); font-family: var( --e-global-typography-text-font-family ), Sans-serif; font-weight: var( --e-global-typography-text-font-weight ); font-size: 1rem;\" data-contrast=\"auto\">&nbsp;tarkoituksena on opintomahdollisuuksien laajentaminen tai painottaminen ja ne johtavat laajaan, arvioitavaan lopputy\u00f6h\u00f6n.&nbsp;<\/span><span style=\"color: var( --e-global-color-text ); font-family: var( --e-global-typography-text-font-family ), Sans-serif; font-weight: var( --e-global-typography-text-font-weight ); font-size: 1rem;\" data-ccp-props=\"{&quot;201341983&quot;:0,&quot;335559739&quot;:160,&quot;335559740&quot;:259}\">&nbsp;<\/span><span style=\"color: var( --e-global-color-text ); font-family: var( --e-global-typography-text-font-family ), Sans-serif; font-weight: var( --e-global-typography-text-font-weight ); font-size: 1rem;\" data-contrast=\"auto\">&nbsp;<\/span><span style=\"color: var( --e-global-color-text ); font-family: var( --e-global-typography-text-font-family ), Sans-serif; font-weight: var( --e-global-typography-text-font-weight ); font-size: 1rem;\" data-ccp-props=\"{&quot;201341983&quot;:0,&quot;335559739&quot;:160,&quot;335559740&quot;:259}\">&nbsp;<\/span><\/p>\n<p><span data-contrast=\"auto\">Tasolla 5 oppilas suunnittelee lopputy\u00f6t\u00e4\u00e4n ja valitsee sit\u00e4 tukevia musiikin hahmotusaineiden kursseja sek\u00e4 yhteissoiton aineita.<\/span><span data-ccp-props=\"{&quot;201341983&quot;:0,&quot;335559739&quot;:160,&quot;335559740&quot;:259}\">&nbsp;<\/span><span style=\"color: var( --e-global-color-text ); font-family: var( --e-global-typography-text-font-family ), Sans-serif;\" data-contrast=\"auto\">&nbsp;<\/span><span style=\"color: var( --e-global-color-text ); font-family: var( --e-global-typography-text-font-family ), Sans-serif;\" data-ccp-props=\"{&quot;201341983&quot;:0,&quot;335559739&quot;:160,&quot;335559740&quot;:259}\">&nbsp;<\/span><\/p>\n<p><span data-contrast=\"auto\">Tasolla 6 oppilaat suuntautuvat lopputy\u00f6n valmistamiseen. Oppilas suunnittelee lopputy\u00f6n tavoitteet ja toteutustavan yhteisty\u00f6ss\u00e4 opettajien kanssa. Lopputy\u00f6 voi muodostua erilaisista kokonaisuuksista tai keskitty\u00e4 tiettyyn syvennettyyn osaamiseen. Lopputy\u00f6 tarjoaa monipuolisia mahdollisuuksia taiteellisen osaamisen n\u00e4ytt\u00e4miseen. Lopputy\u00f6 voi sis\u00e4lt\u00e4\u00e4 solistisia soitto- tai laulun\u00e4ytt\u00f6j\u00e4, yhteismusisointia, omia s\u00e4vellyksi\u00e4, sovituksia, tallenteita tai projekteja. Lopputy\u00f6h\u00f6n voi sis\u00e4lty\u00e4 konsertin suunnittelu, toteutus ja teosesittelyjen tuottaminen Syvent\u00e4vien opintojen kesto m\u00e4\u00e4r\u00e4ytyy oppilaan henkil\u00f6kohtaisten valintojen ja tavoitteiden mukaan. Syvent\u00e4vien opintojen p\u00e4\u00e4tteeksi oppilas saa koko laajan oppim\u00e4\u00e4r\u00e4n p\u00e4\u00e4tt\u00f6todistuksen.<\/span><span data-ccp-props=\"{&quot;201341983&quot;:0,&quot;335559739&quot;:160,&quot;335559740&quot;:259}\">&nbsp;<\/span><\/p>\n<p><b><span data-contrast=\"auto\">Tempo rubato<\/span><\/b><span data-contrast=\"auto\">: Kun oppilas osallistuu vain p\u00e4\u00e4aineen opetukseen ja\/tai henkil\u00f6kohtaisen syyn vuoksi kokonaisen opintokokonaisuuden valmistaminen ei ole mahdollista, oppilas voi opiskella Tempo rubatolla. Oppilas ei n\u00e4in ollen seuraa musiikin laajan oppim\u00e4\u00e4r\u00e4n opetussuunnitelmaa. Tempo rubatolle siirtyminen edellytt\u00e4\u00e4 keskustelua oman p\u00e4\u00e4aineen opettajan ja rehtorin kanssa. Tempo rubato -opiskelu on p\u00e4\u00e4aineopintojen osalta tavoitteellista ja etenee tasolta toiselle. P\u00e4\u00e4soittimen soittotunnin pituus on 30 min ja Tempo rubatolle opinto-oikeus my\u00f6nnet\u00e4\u00e4n kahdeksi vuodeksi kerallaan.&nbsp;<\/span><span data-ccp-props=\"{&quot;201341983&quot;:0,&quot;335559739&quot;:160,&quot;335559740&quot;:259}\">&nbsp;<\/span><span style=\"color: var( --e-global-color-text ); font-family: var( --e-global-typography-text-font-family ), Sans-serif;\" data-contrast=\"auto\">&nbsp;<\/span><span style=\"color: var( --e-global-color-text ); font-family: var( --e-global-typography-text-font-family ), Sans-serif;\" data-ccp-props=\"{&quot;201341983&quot;:0,&quot;335559739&quot;:160,&quot;335559740&quot;:259}\">&nbsp;<\/span><\/p>\n<p><b><span data-contrast=\"auto\">Aikuisosastolla<\/span><\/b><span data-contrast=\"auto\">&nbsp;voi opiskella perus- ja syvent\u00e4vien opintojen oppiaineita noudattaen musiikkiopiston yleist\u00e4 opetussuunnitelmaa.<\/span><span data-ccp-props=\"{&quot;201341983&quot;:0,&quot;335559739&quot;:160,&quot;335559740&quot;:259}\">&nbsp;<\/span><\/p>\n<p><span data-ccp-props=\"{&quot;201341983&quot;:0,&quot;335559739&quot;:160,&quot;335559740&quot;:259}\">&nbsp;<\/span><\/p>\t\t\t\t\t\t\t\t<\/div>\n\t\t\t\t<\/div>\n\t\t\t\t\t<\/div>\n\t\t<\/div>\n\t\t\t\t\t<\/div>\n\t\t<\/section>\n\t\t\t\t<\/div>\n\t\t","protected":false},"excerpt":{"rendered":"<p>Tutustu soittimiin! Opettajat Opetus IHMOssa Yksil\u00f6opetus Laajan oppim\u00e4\u00e4r\u00e4n mukainen musiikin perusopetus rakentuu musiikin\u00a0perusopinnoista\u00a0ja\u00a0syvent\u00e4vist\u00e4 opinnoista.\u00a0 Opintojen alusta asti opiskeluun kuuluu yhdess\u00e4 musisointi. Yksil\u00f6tunnin parina toimiva ryhm\u00e4tunti on vertaisryhm\u00e4, joka tukee sosiaalista oppimista. Opinnoissa perehdyt\u00e4\u00e4n monipuolisesti instrumentin perustekniikkaan, ohjelmistoon ja ilmaisumahdollisuuksiin. Oppitunneilla oppilas saa henkil\u00f6kohtaista ohjausta tukemaan tavoitteellista kotiharjoittelua.\u00a0\u00a0\u00a0 Opinnot t\u00e4ht\u00e4\u00e4v\u00e4t syvent\u00e4vien opintojen lopputy\u00f6h\u00f6n, jossa oppilas osoittaa [&hellip;]<\/p>\n","protected":false},"author":156753792,"featured_media":0,"parent":686,"menu_order":0,"comment_status":"closed","ping_status":"closed","template":"","meta":{"footnotes":""},"_links":{"self":[{"href":"https:\/\/test.ihmo.fi\/index.php?rest_route=\/wp\/v2\/pages\/1937"}],"collection":[{"href":"https:\/\/test.ihmo.fi\/index.php?rest_route=\/wp\/v2\/pages"}],"about":[{"href":"https:\/\/test.ihmo.fi\/index.php?rest_route=\/wp\/v2\/types\/page"}],"author":[{"embeddable":true,"href":"https:\/\/test.ihmo.fi\/index.php?rest_route=\/wp\/v2\/users\/156753792"}],"replies":[{"embeddable":true,"href":"https:\/\/test.ihmo.fi\/index.php?rest_route=%2Fwp%2Fv2%2Fcomments&post=1937"}],"version-history":[{"count":151,"href":"https:\/\/test.ihmo.fi\/index.php?rest_route=\/wp\/v2\/pages\/1937\/revisions"}],"predecessor-version":[{"id":7537,"href":"https:\/\/test.ihmo.fi\/index.php?rest_route=\/wp\/v2\/pages\/1937\/revisions\/7537"}],"up":[{"embeddable":true,"href":"https:\/\/test.ihmo.fi\/index.php?rest_route=\/wp\/v2\/pages\/686"}],"wp:attachment":[{"href":"https:\/\/test.ihmo.fi\/index.php?rest_route=%2Fwp%2Fv2%2Fmedia&parent=1937"}],"curies":[{"name":"wp","href":"https:\/\/api.w.org\/{rel}","templated":true}]}}