{"id":1931,"date":"2021-09-03T10:31:22","date_gmt":"2021-09-03T07:31:22","guid":{"rendered":"https:\/\/test.ihmo.fi\/?page_id=1931"},"modified":"2023-01-19T16:21:37","modified_gmt":"2023-01-19T14:21:37","slug":"lukuvuosikertomukset","status":"publish","type":"page","link":"https:\/\/test.ihmo.fi\/?page_id=1931","title":{"rendered":"Lukuvuosikertomukset"},"content":{"rendered":"\t\t<div data-elementor-type=\"wp-page\" data-elementor-id=\"1931\" class=\"elementor elementor-1931\">\n\t\t\t\t\t\t<section class=\"elementor-section elementor-top-section elementor-element elementor-element-6cc6719 elementor-section-boxed elementor-section-height-default elementor-section-height-default\" data-id=\"6cc6719\" data-element_type=\"section\">\n\t\t\t\t\t\t<div class=\"elementor-container elementor-column-gap-default\">\n\t\t\t\t\t<div class=\"elementor-column elementor-col-100 elementor-top-column elementor-element elementor-element-84e0476\" data-id=\"84e0476\" data-element_type=\"column\">\n\t\t\t<div class=\"elementor-widget-wrap elementor-element-populated\">\n\t\t\t\t\t\t<div class=\"elementor-element elementor-element-3badc048 elementor-widget elementor-widget-heading\" data-id=\"3badc048\" data-element_type=\"widget\" data-widget_type=\"heading.default\">\n\t\t\t\t<div class=\"elementor-widget-container\">\n\t\t\t\t\t<h2 class=\"elementor-heading-title elementor-size-default\">Lukuvuosikertomukset<\/h2>\t\t\t\t<\/div>\n\t\t\t\t<\/div>\n\t\t\t\t<div class=\"elementor-element elementor-element-c2cf842 elementor-widget elementor-widget-text-editor\" data-id=\"c2cf842\" data-element_type=\"widget\" data-widget_type=\"text-editor.default\">\n\t\t\t\t<div class=\"elementor-widget-container\">\n\t\t\t\t\t\t\t\t\t<p style=\"text-align: left;\">IHMOn musiikin ja ilont\u00e4ytteisiin lukuvuosiin ja niiden sis\u00e4lt\u00f6ihin voit perehty\u00e4 alla olevien lukuvuosikertomusten kautta. Edellisen lukuvuoden vuosikertomus julkaistaan aina seuraavan lukuvuoden alkupuolella.<\/p>\t\t\t\t\t\t\t\t<\/div>\n\t\t\t\t<\/div>\n\t\t\t\t\t<\/div>\n\t\t<\/div>\n\t\t\t\t\t<\/div>\n\t\t<\/section>\n\t\t\t\t<section class=\"elementor-section elementor-top-section elementor-element elementor-element-ff101ab elementor-section-boxed elementor-section-height-default elementor-section-height-default\" data-id=\"ff101ab\" data-element_type=\"section\">\n\t\t\t\t\t\t<div class=\"elementor-container elementor-column-gap-default\">\n\t\t\t\t\t<div class=\"elementor-column elementor-col-100 elementor-top-column elementor-element elementor-element-10f0dc7\" data-id=\"10f0dc7\" data-element_type=\"column\">\n\t\t\t<div class=\"elementor-widget-wrap elementor-element-populated\">\n\t\t\t\t\t\t\t<\/div>\n\t\t<\/div>\n\t\t\t\t\t<\/div>\n\t\t<\/section>\n\t\t\t\t<\/div>\n\t\t","protected":false},"excerpt":{"rendered":"<p>Lukuvuosikertomukset IHMOn musiikin ja ilont\u00e4ytteisiin lukuvuosiin ja niiden sis\u00e4lt\u00f6ihin voit perehty\u00e4 alla olevien lukuvuosikertomusten kautta. Edellisen lukuvuoden vuosikertomus julkaistaan aina seuraavan lukuvuoden alkupuolella. Lukuvuosikertomus2020 &#8211; 2021Lue t\u00e4st\u00e4Lukuvuosikertomus2019 &#8211; 2020Lue t\u00e4st\u00e4Lukuvuosikertomus2018 &#8211; 2019Lue t\u00e4st\u00e4 Previous Next<\/p>\n","protected":false},"author":156753792,"featured_media":0,"parent":679,"menu_order":0,"comment_status":"closed","ping_status":"closed","template":"","meta":{"footnotes":""},"_links":{"self":[{"href":"https:\/\/test.ihmo.fi\/index.php?rest_route=\/wp\/v2\/pages\/1931"}],"collection":[{"href":"https:\/\/test.ihmo.fi\/index.php?rest_route=\/wp\/v2\/pages"}],"about":[{"href":"https:\/\/test.ihmo.fi\/index.php?rest_route=\/wp\/v2\/types\/page"}],"author":[{"embeddable":true,"href":"https:\/\/test.ihmo.fi\/index.php?rest_route=\/wp\/v2\/users\/156753792"}],"replies":[{"embeddable":true,"href":"https:\/\/test.ihmo.fi\/index.php?rest_route=%2Fwp%2Fv2%2Fcomments&post=1931"}],"version-history":[{"count":75,"href":"https:\/\/test.ihmo.fi\/index.php?rest_route=\/wp\/v2\/pages\/1931\/revisions"}],"predecessor-version":[{"id":7496,"href":"https:\/\/test.ihmo.fi\/index.php?rest_route=\/wp\/v2\/pages\/1931\/revisions\/7496"}],"up":[{"embeddable":true,"href":"https:\/\/test.ihmo.fi\/index.php?rest_route=\/wp\/v2\/pages\/679"}],"wp:attachment":[{"href":"https:\/\/test.ihmo.fi\/index.php?rest_route=%2Fwp%2Fv2%2Fmedia&parent=1931"}],"curies":[{"name":"wp","href":"https:\/\/api.w.org\/{rel}","templated":true}]}}